{"id":24,"date":"2013-11-29T20:27:35","date_gmt":"2013-11-29T19:27:35","guid":{"rendered":"http:\/\/www.kg09.de\/wp_swhvkg09\/?page_id=24"},"modified":"2014-10-05T22:25:11","modified_gmt":"2014-10-05T20:25:11","slug":"obedience","status":"publish","type":"page","link":"https:\/\/www.swhvkg09.de\/?page_id=24","title":{"rendered":"Obedience"},"content":{"rendered":"<p><span style=\"font-family: comic sans ms,sans-serif;\"><span style=\"font-size: 12pt;\"><strong>Die Hohe Schule des Gehorsams<\/strong><\/span><\/span><\/p>\n<p><span style=\"font-family: comic sans ms,sans-serif; font-size: 12pt;\">Obedience wird im Herkunftsland England und in den nordischen L\u00e4ndern schon seit ca. 20 Jahren praktiziert. In Deutschland wurde die Pr\u00fcfungsordnung am 1.Juli 2002, nach einem eineinhalb &#8211; j\u00e4hrigen Pilotprojekt ver\u00f6ffentlicht. In erster Linie geht es um die exakte und harmonische Ausf\u00fchrung zwischen Mensch und Hund im Team. Daher kann bei offenen Obedience Wettbewerben jeder ohne R\u00fccksicht auf die Gr\u00f6\u00dfe, Rasse oder Abstammung des Hundes teilnehmen. Obedience besteht \u00fcberwiegend aus bekannten Gehorsams\u00fcbungen wie &#8222;Bei-Fu\u00df-gehen&#8220;, Apportieren, Vorausschicken, Abrufen, Bleib-\u00dcbungen und Sitz, Platz und Steh aus der Bewegung. Aber auch aus anspruchsvolleren \u00dcbungen wie die Distanzkontrolle, Metallapport oder der Geruchsunterscheidung. Der wohl wesentlichste Unterschied besteht darin, dass nicht selbst\u00e4ndig gearbeitet werden darf. Der Wettkampfleiter\/ Steward gibt die Anweisungen, stellt den Parcours auf und kann vor der jeweiligen \u00dcbung noch befragt werden. Der Richter zeigt mit einer Tafel nach jeder beendeten \u00dcbung die Noten an. Diese werden dann mit einem Koeffizienten (je nach Schwierigkeitsgrad) multipliziert und ergeben dann die Punktzahl. Um von einer Klasse zur andern aufzusteigen muss ein Vorz\u00fcglich erreicht werden.<\/span><\/p>\n<p>&nbsp;<\/p>\n","protected":false},"excerpt":{"rendered":"<p>Die Hohe Schule des Gehorsams Obedience wird im Herkunftsland England und in den nordischen L\u00e4ndern schon seit ca. 20 Jahren praktiziert. In Deutschland wurde die Pr\u00fcfungsordnung am 1.Juli 2002, nach einem eineinhalb &#8211; j\u00e4hrigen Pilotprojekt ver\u00f6ffentlicht. In erster Linie geht &hellip; <a href=\"https:\/\/www.swhvkg09.de\/?page_id=24\">Weiterlesen <span class=\"meta-nav\">&rarr;<\/span><\/a><\/p>\n","protected":false},"author":1,"featured_media":0,"parent":0,"menu_order":0,"comment_status":"closed","ping_status":"closed","template":"","meta":{"footnotes":""},"class_list":["post-24","page","type-page","status-publish","hentry"],"_links":{"self":[{"href":"https:\/\/www.swhvkg09.de\/index.php?rest_route=\/wp\/v2\/pages\/24","targetHints":{"allow":["GET"]}}],"collection":[{"href":"https:\/\/www.swhvkg09.de\/index.php?rest_route=\/wp\/v2\/pages"}],"about":[{"href":"https:\/\/www.swhvkg09.de\/index.php?rest_route=\/wp\/v2\/types\/page"}],"author":[{"embeddable":true,"href":"https:\/\/www.swhvkg09.de\/index.php?rest_route=\/wp\/v2\/users\/1"}],"replies":[{"embeddable":true,"href":"https:\/\/www.swhvkg09.de\/index.php?rest_route=%2Fwp%2Fv2%2Fcomments&post=24"}],"version-history":[{"count":5,"href":"https:\/\/www.swhvkg09.de\/index.php?rest_route=\/wp\/v2\/pages\/24\/revisions"}],"predecessor-version":[{"id":1528,"href":"https:\/\/www.swhvkg09.de\/index.php?rest_route=\/wp\/v2\/pages\/24\/revisions\/1528"}],"wp:attachment":[{"href":"https:\/\/www.swhvkg09.de\/index.php?rest_route=%2Fwp%2Fv2%2Fmedia&parent=24"}],"curies":[{"name":"wp","href":"https:\/\/api.w.org\/{rel}","templated":true}]}}