{"id":22,"date":"2013-11-29T20:26:44","date_gmt":"2013-11-29T19:26:44","guid":{"rendered":"http:\/\/www.kg09.de\/wp_swhvkg09\/?page_id=22"},"modified":"2018-11-12T13:31:28","modified_gmt":"2018-11-12T12:31:28","slug":"basis","status":"publish","type":"page","link":"https:\/\/www.swhvkg09.de\/?page_id=22","title":{"rendered":"Basis"},"content":{"rendered":"<p><strong>WELPEN (bis ca. 6. Monat)<br \/>\n<\/strong><br \/>\nDer Hund soll mindestens 8 Wochen alt, geimpft und entwurmt sein und bereits ca. 2 Wochen im Haushalt leben.<br \/>\nDie Hundef\u00fchrer sollten \u00fcber eine Tierhalterhaftpflichtversicherung verf\u00fcgen. Eine nicht zu untersch\u00e4tzende Voraussetzung ist, sich mit Spass und Freude mit dem neuen Gef\u00e4hrten zu besch\u00e4ftigen.<br \/>\nSehr wichtig ist es bereits mit dem Welpen an den Grundz\u00fcgen der Erziehung gezielt zu arbeiten. Dabei steht am Anfang durch eigenes Verhalten dem Welpen die notwendige Selbstsicherheit zu geben, die er im t\u00e4glichen Leben braucht.<br \/>\nDa der Hund ein Rudeltier ist, der eine klare Hierarchie ben\u00f6tigt, und die Menschen im neuen Zuhause nun sein Rudel bilden, ist das sogenannte Rudelverhalten Lerninhalt der Welpenstunde. Gerade in der Entwicklungsphase des jungen Hundes ist das Erlernen des Rudelverhaltens von gro\u00dfer Bedeutung.<br \/>\nDie Welpenstunde ist nicht (nur) als Spielrunde f\u00fcr die Hunde zu verstehen, sondern soll die Pr\u00e4gephase dazu nutzen, die Bindung Hundehalter\/Hund so aufzubauen, damit sp\u00e4ter ein vierbeiniger Gef\u00e4hrte heranw\u00e4chst mit dem, sofern der Hundehalter dies w\u00fcnscht, die Vorbereitung auf hundesportliche Pr\u00fcfungen leicht und stressfrei ablaufen kann.<br \/>\nEs geht darum, die Sozialisierungs- und Pr\u00e4gephase des Welpen zu vertiefen und durch gezielte Bindungs\u00fcbungen das Verh\u00e4ltnis zwischen Halter und Welpen zu st\u00e4rken.<br \/>\nZum Training empfehlenswert bzw. notwendig:<\/p>\n<p>Impfpass und Nachweis der Tierhalterhaftpflichtversicherung (beim ersten Mal)<br \/>\nHalsband\u00a0\/\u00a0Brustgeschirr<br \/>\nLeine (bitte keine Flexileine)<br \/>\nSpielzeug (Zerrknoten, Beisswurst etc.)<br \/>\nFutter in kleinstm\u00f6glichen St\u00fccken;<\/p>\n<p><strong>JUNGHUNDE (bis ca. 12. Monat)<\/strong><\/p>\n<p>Die Aufgabe besteht hier darin, die Hundef\u00fchrer und Ihre nun ca. 6 Monate alten Hunde auf die Basisgruppe vorzubereiten.<br \/>\n\u00dcbungen, die in der Welpenstunde schon spielerisch erlernt wurden werden nun vertiefend ge\u00fcbt und vom Hund erlernt.<br \/>\nEs ist dabei unabdingbar, dass der Hundehalter und sein Hund (wir sprechen auch vom Team) Freude daran haben Neues zu lernen und zu vertiefen. Mit Ruhe, Konstanz und Konsequenz soll das Team an die unterschiedlichen Aufgaben herangef\u00fchrt werden, um mit Geduld eine korrekte Ausf\u00fchrung der einzelnen \u00dcbungen zu erreichen.<br \/>\nGrunds\u00e4tzlich soll gem\u00e4\u00df dem Grundsatz positive Best\u00e4rkung bei guter Leistung gearbeitet werden. In der Regel werden die Kommandos Sitz, Platz, Hier sowie Fu\u00dflaufen und Leinenf\u00fchrigkeit, immer wieder unterbrochen durch Spieleinheiten, trainiert.<br \/>\nAuch das spielerische Heranf\u00fchren an verschiedene Ger\u00e4te aus dem Turnierhundesport usw. soll in die Trainingseinheiten immer wieder eingebaut werden, um den jungen Hund selbstbewusst aufzubauen.<\/p>\n<p><strong>BASISARBEIT (ab ca. 12. Monat)<\/strong><\/p>\n<p>In der Regel beginnen hier die Hunde aus der Junghundegruppe im Alter von ca. 12 Monaten.<br \/>\n&#8222;Quereinsteiger&#8220; mit ihren Hunden, die \u00e4lter als ein Jahr sind sollten ebenfalls herzlich willkommen sein.<br \/>\nIn der Basisgruppe wird das in der Junghundegruppe Erlernte soweit vertieft, dass am Ende das tats\u00e4chliche K\u00f6nnen stehen soll. Getreu der These &#8222;Lernen &#8211; K\u00f6nnen &#8211; Fest&#8220; wird hier gezielt gearbeitet.<br \/>\nBei Quereinsteigern sollte das Team dort abgeholt werden, wo es ausbildungstechnisch steht und an die Zielsetzung herangef\u00fchrt werden.<br \/>\nEs sollten hier jedoch auch die Hundehalter willkommen sein, die (noch) keine Motivation zu Ablegung einer Pr\u00fcfung haben und nur einen vierbeinigen Partner haben wollen, der folgsam mit seinem Rudelf\u00fchrer durch das Leben wandelt, also \u201eNichthundesportler\u201c.<br \/>\nAuch hier wird nach der Maxime dass korrekte Ausf\u00fchrungen positiv best\u00e4rkt und die Trainingseinheiten durch Spielsequenzen aufgelockert werden, trainiert.<br \/>\nMit Konstanz, Konsequenz und Geduld arbeiten wir auf ein Ziel hin.<br \/>\nEbenfalls wird in dieser Gruppe darauf geachtet, dass der Hund sozialvertr\u00e4glich erscheint, also problemlos mit Artgenossen, fremden Menschen und allt\u00e4glichen Einfl\u00fcssen (Stra\u00dfenverkehr usw.) fertig wird.<br \/>\nEventuell ist individuell auf Teams einzugehen, sofern dies notwendig erscheint und darstellbar ist.<br \/>\nZiel dieser Gruppe sollte ein Team-Test (TT) oder die Begleithundepr\u00fcfung (BH) sein. Denn nur mit der BH steht die T\u00fcr zur gro\u00dfen Welt des Hundesports weit offen.<\/p>\n","protected":false},"excerpt":{"rendered":"<p>WELPEN (bis ca. 6. Monat) Der Hund soll mindestens 8 Wochen alt, geimpft und entwurmt sein und bereits ca. 2 Wochen im Haushalt leben. Die Hundef\u00fchrer sollten \u00fcber eine Tierhalterhaftpflichtversicherung verf\u00fcgen. Eine nicht zu untersch\u00e4tzende Voraussetzung ist, sich mit Spass &hellip; <a href=\"https:\/\/www.swhvkg09.de\/?page_id=22\">Weiterlesen <span class=\"meta-nav\">&rarr;<\/span><\/a><\/p>\n","protected":false},"author":1,"featured_media":0,"parent":0,"menu_order":5,"comment_status":"closed","ping_status":"closed","template":"","meta":{"footnotes":""},"class_list":["post-22","page","type-page","status-publish","hentry"],"_links":{"self":[{"href":"https:\/\/www.swhvkg09.de\/index.php?rest_route=\/wp\/v2\/pages\/22","targetHints":{"allow":["GET"]}}],"collection":[{"href":"https:\/\/www.swhvkg09.de\/index.php?rest_route=\/wp\/v2\/pages"}],"about":[{"href":"https:\/\/www.swhvkg09.de\/index.php?rest_route=\/wp\/v2\/types\/page"}],"author":[{"embeddable":true,"href":"https:\/\/www.swhvkg09.de\/index.php?rest_route=\/wp\/v2\/users\/1"}],"replies":[{"embeddable":true,"href":"https:\/\/www.swhvkg09.de\/index.php?rest_route=%2Fwp%2Fv2%2Fcomments&post=22"}],"version-history":[{"count":4,"href":"https:\/\/www.swhvkg09.de\/index.php?rest_route=\/wp\/v2\/pages\/22\/revisions"}],"predecessor-version":[{"id":1540,"href":"https:\/\/www.swhvkg09.de\/index.php?rest_route=\/wp\/v2\/pages\/22\/revisions\/1540"}],"wp:attachment":[{"href":"https:\/\/www.swhvkg09.de\/index.php?rest_route=%2Fwp%2Fv2%2Fmedia&parent=22"}],"curies":[{"name":"wp","href":"https:\/\/api.w.org\/{rel}","templated":true}]}}