{"id":20,"date":"2013-11-29T20:25:42","date_gmt":"2013-11-29T19:25:42","guid":{"rendered":"http:\/\/www.kg09.de\/wp_swhvkg09\/?page_id=20"},"modified":"2018-11-12T13:31:19","modified_gmt":"2018-11-12T12:31:19","slug":"agility","status":"publish","type":"page","link":"https:\/\/www.swhvkg09.de\/?page_id=20","title":{"rendered":"Agility"},"content":{"rendered":"<p><span style=\"font-family: comic sans ms,sans-serif; font-size: 12pt;\">Agility hei\u00dft auf Deutsch Beh\u00e4ndigkeit oder Geschicklichkeit. Die Hundesportart kommt aus England und wurde dort Ende der siebziger Jahre das erste Mal \u00f6ffentlich vorgef\u00fchrt. Dies fand so einen gro\u00dfen Anklang, dass sich Agility erst in England, dann in Europa und mittlerweile auch auf der ganzen Welt verbreitet hat.<br \/>\nDer Reiz am Agility liegt darin, dass der Hund einen Parcours mit verschiedenen Ger\u00e4ten fehlerfrei und in m\u00f6glichst kurzer Zeit absolvieren muss. Die Ger\u00e4te sind nie gleich angeordnet, sondern stehen immer wieder in einer neuen Reihenfolge, so dass der Hundef\u00fchrer sich jedes Mal einen neuen Parcours merken muss. W\u00e4hrend dem Lauf darf man seinen Hund nur mit der Stimme und per K\u00f6rpersprache f\u00fchren, dabei ist es aber v\u00f6llig egal, welchen Weg man zwischen den Hindernissen nimmt, der Hund darf vor, hinter, rechts oder links von seinem Hundef\u00fchrer laufen.<br \/>\nAgility ist mittlerweile eine sehr beliebte Freizeitsportart, da sie f\u00fcr viele Hundebesitzer eine gute M\u00f6glichkeit bietet den Hund k\u00f6rperlich und geistig fit zu halten. Auch der Spa\u00dffaktor bei Zwei- und Vierbeiner kommt nat\u00fcrlich nicht zu kurz. Da sich Agility in den letzten Jahren sehr rasant weiter entwickelt hat, ist eine solide und durchdachte Grundausbildung der Hunde an den einzelnen Ger\u00e4ten von gro\u00dfer Bedeutung und auch an die Hundef\u00fchrer werden einige Anspr\u00fcche in Bezug auf Fitness und Koordination gestellt.<\/span><\/p>\n","protected":false},"excerpt":{"rendered":"<p>Agility hei\u00dft auf Deutsch Beh\u00e4ndigkeit oder Geschicklichkeit. Die Hundesportart kommt aus England und wurde dort Ende der siebziger Jahre das erste Mal \u00f6ffentlich vorgef\u00fchrt. Dies fand so einen gro\u00dfen Anklang, dass sich Agility erst in England, dann in Europa und &hellip; <a href=\"https:\/\/www.swhvkg09.de\/?page_id=20\">Weiterlesen <span class=\"meta-nav\">&rarr;<\/span><\/a><\/p>\n","protected":false},"author":1,"featured_media":0,"parent":0,"menu_order":4,"comment_status":"closed","ping_status":"closed","template":"","meta":{"footnotes":""},"class_list":["post-20","page","type-page","status-publish","hentry"],"_links":{"self":[{"href":"https:\/\/www.swhvkg09.de\/index.php?rest_route=\/wp\/v2\/pages\/20","targetHints":{"allow":["GET"]}}],"collection":[{"href":"https:\/\/www.swhvkg09.de\/index.php?rest_route=\/wp\/v2\/pages"}],"about":[{"href":"https:\/\/www.swhvkg09.de\/index.php?rest_route=\/wp\/v2\/types\/page"}],"author":[{"embeddable":true,"href":"https:\/\/www.swhvkg09.de\/index.php?rest_route=\/wp\/v2\/users\/1"}],"replies":[{"embeddable":true,"href":"https:\/\/www.swhvkg09.de\/index.php?rest_route=%2Fwp%2Fv2%2Fcomments&post=20"}],"version-history":[{"count":16,"href":"https:\/\/www.swhvkg09.de\/index.php?rest_route=\/wp\/v2\/pages\/20\/revisions"}],"predecessor-version":[{"id":1539,"href":"https:\/\/www.swhvkg09.de\/index.php?rest_route=\/wp\/v2\/pages\/20\/revisions\/1539"}],"wp:attachment":[{"href":"https:\/\/www.swhvkg09.de\/index.php?rest_route=%2Fwp%2Fv2%2Fmedia&parent=20"}],"curies":[{"name":"wp","href":"https:\/\/api.w.org\/{rel}","templated":true}]}}