{"id":1452,"date":"2018-05-24T11:47:21","date_gmt":"2018-05-24T09:47:21","guid":{"rendered":"http:\/\/www.kg09.de\/?page_id=1452"},"modified":"2018-11-12T13:34:39","modified_gmt":"2018-11-12T12:34:39","slug":"datenschutz","status":"publish","type":"page","link":"https:\/\/www.swhvkg09.de\/?page_id=1452","title":{"rendered":"Datenschutz"},"content":{"rendered":"<p style=\"text-align: center;\"><b>Datenschutzordnung<\/b><\/p>\n<ol>\n<li>Mit dem Beitritt eines Mitglieds nimmt der Verein dessen pers\u00f6nliche Daten (Geburtsdatum, Familienstand, Adresse, Telekommunikationsverbindungen, Bankverbindung) auf. Diese werden im vereinseigenen EDV-System gespeichert. Jedem Mitglied wird dabei eine Mitgliedsnummer zugeordnet.<\/li>\n<li>Die Mitglieder gestatten die Verwendung der pers\u00f6nlichen Daten f\u00fcr Zwecke des Vereines, der sie unter Ber\u00fccksichtigung der Vorschriften der Datenschutzgesetze und des Vereinszwecks zu verwalten hat. Die Gestattung ist jederzeit schriftlich widerrufbar, soweit dies mit der Mitgliedschaft im Verein vereinbar ist.<\/li>\n<li>Die Mitglieder gestatten weiter die \u00dcbermittlung ihrer pers\u00f6nlichen Daten an die in \u00a7 \u2026.. der Satzung genannten Verb\u00e4nde. \u00dcbermittelt werden bei Mitgliedern mit besonderen Aufgaben (z.B. Vorstandsmitglieder) die vollst\u00e4ndige Adresse mit Telefonnummer, E-Mail-Adresse sowie die Bezeichnung ihrer Funktion im Verein. Im Rahmen von Sportveranstaltungen des Verbandes meldet der Verein Ergebnisse und besondere Ereignisse soweit diese f\u00fcr die Publikation nach au\u00dfen oder f\u00fcr interne Bewertungen durch den Verband von Bedeutung sind.<\/li>\n<li>Im Zusammenhang mit seinem Sportbetrieb sowie sonstigen satzungsgem\u00e4\u00dfen Veranstaltungen ver\u00f6ffentlicht der Verein personenbezogene Daten und Fotos seiner Mitglieder (in seiner Vereinszeitung sowie) auf seiner Homepage und \u00fcbermittelt Daten und Fotos zur Ver\u00f6ffentlichung an Print- und Telemedien sowie elektronische Medien. Dies betrifft insbesondere Start- und Teilnehmerlisten, Mannschaftsaufstellungen, Ergebnisse, Wahlergebnisse sowie bei sportlichen oder sonstigen Veranstaltungen anwesende Vorstandsmitglieder und sonstige Funktion\u00e4re. Die Ver\u00f6ffentlichung\/\u00dcbermittlung von Daten beschr\u00e4nkt sich hierbei auf Name, Vereinszugeh\u00f6rigkeit, Funktion im Verein und \u2013 soweit aus sportlichen Gr\u00fcnden (z.B. Einteilung in Wettkampfklassen) erforderlich \u2013 Alter oder Geburtsjahrgang.<\/li>\n<li>Mitgliederlisten d\u00fcrfen nur Vorstandsmitgliedern und sonstigen Mitgliedern, die im Verein eine besondere Funktion aus\u00fcben, welche die Kenntnis bestimmter Mitgliederdaten erfordert, zug\u00e4nglich gemacht werden.<\/li>\n<li>Falls der Verein ein Kooperationsabkommen mit einem Dritten geschlossen hat oder schlie\u00dft, ist er berechtigt, diesem einmal j\u00e4hrlich eine vollst\u00e4ndige Liste der Adressen einschlie\u00dflich des Geburtsdatums der Vereinsmitglieder mit der Ma\u00dfgabe zur Verf\u00fcgung zu stellen, dass die Daten nicht weitergegeben werden d\u00fcrfen. Das Mitglied kann dieser Weitergabe schriftlich im Beitrittsantrag oder sp\u00e4ter widersprechen. In diesem Fall sind die Daten des widersprechenden Mitglieds aus der Liste zu entfernen.<\/li>\n<li>Durch ihre Mitgliedschaft und der damit verbundenen Anerkennung dieser Satzung stimmen die Mitglieder dieser Datennutzung im Rahmen der Erf\u00fcllung der Aufgaben und Zwecke des Vereins sowie der Ver\u00f6ffentlichung von Bild- und\/oder Tondokumenten in Print-, Tele- und elektronischen Medien zu. Eine anderweitige, \u00fcber die Erf\u00fcllung seiner satzungsgem\u00e4\u00dfen Aufgaben und Zwecke hinausgehende Datenverwendung ist dem Verein nur erlaubt, sofern er aus gesetzlichen Gr\u00fcnden hierzu verpflichtet ist. Ein Datenverkauf ist nicht statthaft.<\/li>\n<li>Bei Beendigung der Mitgliedschaft werden Name, Adresse und Geburtsdatum des austretenden Mitglieds gel\u00f6scht, es sei denn, es bestehen vereinsrechtliche oder steuerrechtliche Verpflichtungen des Vereins zu einer l\u00e4ngeren Aufbewahrung (\u00a7\u00a7 145 \u2013 147 AO). Falls Daten weitergegeben wurden, ist der Verein verpflichtet bei der empfangenden Stelle daf\u00fcr zu sorgen, dass die Daten dort gel\u00f6scht werden. Dies gilt nicht f\u00fcr Teilnahme- oder Ergebnislisten bei Sport<\/li>\n<\/ol>\n","protected":false},"excerpt":{"rendered":"<p>Datenschutzordnung Mit dem Beitritt eines Mitglieds nimmt der Verein dessen pers\u00f6nliche Daten (Geburtsdatum, Familienstand, Adresse, Telekommunikationsverbindungen, Bankverbindung) auf. Diese werden im vereinseigenen EDV-System gespeichert. Jedem Mitglied wird dabei eine Mitgliedsnummer zugeordnet. Die Mitglieder gestatten die Verwendung der pers\u00f6nlichen Daten f\u00fcr &hellip; <a href=\"https:\/\/www.swhvkg09.de\/?page_id=1452\">Weiterlesen <span class=\"meta-nav\">&rarr;<\/span><\/a><\/p>\n","protected":false},"author":1,"featured_media":0,"parent":0,"menu_order":12,"comment_status":"closed","ping_status":"closed","template":"","meta":{"footnotes":""},"class_list":["post-1452","page","type-page","status-publish","hentry"],"_links":{"self":[{"href":"https:\/\/www.swhvkg09.de\/index.php?rest_route=\/wp\/v2\/pages\/1452","targetHints":{"allow":["GET"]}}],"collection":[{"href":"https:\/\/www.swhvkg09.de\/index.php?rest_route=\/wp\/v2\/pages"}],"about":[{"href":"https:\/\/www.swhvkg09.de\/index.php?rest_route=\/wp\/v2\/types\/page"}],"author":[{"embeddable":true,"href":"https:\/\/www.swhvkg09.de\/index.php?rest_route=\/wp\/v2\/users\/1"}],"replies":[{"embeddable":true,"href":"https:\/\/www.swhvkg09.de\/index.php?rest_route=%2Fwp%2Fv2%2Fcomments&post=1452"}],"version-history":[{"count":2,"href":"https:\/\/www.swhvkg09.de\/index.php?rest_route=\/wp\/v2\/pages\/1452\/revisions"}],"predecessor-version":[{"id":1548,"href":"https:\/\/www.swhvkg09.de\/index.php?rest_route=\/wp\/v2\/pages\/1452\/revisions\/1548"}],"wp:attachment":[{"href":"https:\/\/www.swhvkg09.de\/index.php?rest_route=%2Fwp%2Fv2%2Fmedia&parent=1452"}],"curies":[{"name":"wp","href":"https:\/\/api.w.org\/{rel}","templated":true}]}}